{"id":3793,"date":"2025-07-07T14:20:23","date_gmt":"2025-07-07T14:20:23","guid":{"rendered":"https:\/\/manoirdelebioles.com\/spa-of-spa\/unsere-exklusiven-angebote\/"},"modified":"2026-04-09T14:04:50","modified_gmt":"2026-04-09T14:04:50","slug":"unsere-exklusiven-angebote","status":"publish","type":"page","link":"https:\/\/manoirdelebioles.com\/de\/spa-of-spa\/unsere-exklusiven-angebote\/","title":{"rendered":"Exklusive Angebote"},"content":{"rendered":"","protected":false},"excerpt":{"rendered":"","protected":false},"author":1,"featured_media":0,"parent":3778,"menu_order":0,"comment_status":"closed","ping_status":"closed","template":"builder.php","meta":{"_acf_changed":false,"footnotes":""},"class_list":["post-3793","page","type-page","status-publish","hentry"],"acf":[],"yoast_head":"<!-- This site is optimized with the Yoast SEO plugin v26.2 - https:\/\/yoast.com\/wordpress\/plugins\/seo\/ -->\n<title>Exklusive Angebote - Manoir de L\u00e9bioles<\/title>\n<meta name=\"description\" content=\"M\u00f6chten Sie einen Tag lang unseren Wellnessbereich nutzen, ohne im Hotel zu \u00fcbernachten? Das ist durchaus m\u00f6glich! Entdecken Sie unsere aktuellen Erlebnisse und g\u00f6nnen Sie sich einen Tag der Entspannung und des Wohlbefindens in der au\u00dfergew\u00f6hnlichen Umgebung des Manoir de L\u00e9bioles.\" \/>\n<meta name=\"robots\" content=\"index, follow, max-snippet:-1, max-image-preview:large, max-video-preview:-1\" \/>\n<link rel=\"canonical\" href=\"https:\/\/manoirdelebioles.com\/de\/spa-of-spa\/unsere-exklusiven-angebote\/\" \/>\n<meta property=\"og:locale\" content=\"de_DE\" \/>\n<meta property=\"og:type\" content=\"article\" \/>\n<meta property=\"og:title\" content=\"Exklusive Angebote - Manoir de L\u00e9bioles\" \/>\n<meta property=\"og:description\" content=\"M\u00f6chten Sie einen Tag lang unseren Wellnessbereich nutzen, ohne im Hotel zu \u00fcbernachten? Das ist durchaus m\u00f6glich! Entdecken Sie unsere aktuellen Erlebnisse und g\u00f6nnen Sie sich einen Tag der Entspannung und des Wohlbefindens in der au\u00dfergew\u00f6hnlichen Umgebung des Manoir de L\u00e9bioles.\" \/>\n<meta property=\"og:url\" content=\"https:\/\/manoirdelebioles.com\/de\/spa-of-spa\/unsere-exklusiven-angebote\/\" \/>\n<meta property=\"og:site_name\" content=\"Manoir de L\u00e9bioles\" \/>\n<meta property=\"article:modified_time\" content=\"2026-04-09T14:04:50+00:00\" \/>\n<meta name=\"twitter:card\" content=\"summary_large_image\" \/>\n<script type=\"application\/ld+json\" class=\"yoast-schema-graph\">{\"@context\":\"https:\/\/schema.org\",\"@graph\":[{\"@type\":\"WebPage\",\"@id\":\"https:\/\/manoirdelebioles.com\/de\/spa-of-spa\/unsere-exklusiven-angebote\/\",\"url\":\"https:\/\/manoirdelebioles.com\/de\/spa-of-spa\/unsere-exklusiven-angebote\/\",\"name\":\"Exklusive Angebote - Manoir de L\u00e9bioles\",\"isPartOf\":{\"@id\":\"https:\/\/manoirdelebioles.com\/#website\"},\"datePublished\":\"2025-07-07T14:20:23+00:00\",\"dateModified\":\"2026-04-09T14:04:50+00:00\",\"description\":\"M\u00f6chten Sie einen Tag lang unseren Wellnessbereich nutzen, ohne im Hotel zu \u00fcbernachten? Das ist durchaus m\u00f6glich! Entdecken Sie unsere aktuellen Erlebnisse und g\u00f6nnen Sie sich einen Tag der Entspannung und des Wohlbefindens in der au\u00dfergew\u00f6hnlichen Umgebung des Manoir de L\u00e9bioles.\",\"breadcrumb\":{\"@id\":\"https:\/\/manoirdelebioles.com\/de\/spa-of-spa\/unsere-exklusiven-angebote\/#breadcrumb\"},\"inLanguage\":\"de\",\"potentialAction\":[{\"@type\":\"ReadAction\",\"target\":[\"https:\/\/manoirdelebioles.com\/de\/spa-of-spa\/unsere-exklusiven-angebote\/\"]}]},{\"@type\":\"BreadcrumbList\",\"@id\":\"https:\/\/manoirdelebioles.com\/de\/spa-of-spa\/unsere-exklusiven-angebote\/#breadcrumb\",\"itemListElement\":[{\"@type\":\"ListItem\",\"position\":1,\"name\":\"Accueil\",\"item\":\"https:\/\/manoirdelebioles.com\/de\/\"},{\"@type\":\"ListItem\",\"position\":2,\"name\":\"Spa of spa\",\"item\":\"https:\/\/manoirdelebioles.com\/de\/spa-of-spa\/\"},{\"@type\":\"ListItem\",\"position\":3,\"name\":\"Exklusive Angebote\"}]},{\"@type\":\"WebSite\",\"@id\":\"https:\/\/manoirdelebioles.com\/#website\",\"url\":\"https:\/\/manoirdelebioles.com\/\",\"name\":\"Manoir de L\u00e9bioles\",\"description\":\"Une exp\u00e9rience UNIQUE, dans l\u2019\u00e9l\u00e9gance DU LUXE.\",\"publisher\":{\"@id\":\"https:\/\/manoirdelebioles.com\/#organization\"},\"potentialAction\":[{\"@type\":\"SearchAction\",\"target\":{\"@type\":\"EntryPoint\",\"urlTemplate\":\"https:\/\/manoirdelebioles.com\/?s={search_term_string}\"},\"query-input\":{\"@type\":\"PropertyValueSpecification\",\"valueRequired\":true,\"valueName\":\"search_term_string\"}}],\"inLanguage\":\"de\"},{\"@type\":\"Organization\",\"@id\":\"https:\/\/manoirdelebioles.com\/#organization\",\"name\":\"Manoir de L\u00e9bioles\",\"url\":\"https:\/\/manoirdelebioles.com\/\",\"logo\":{\"@type\":\"ImageObject\",\"inLanguage\":\"de\",\"@id\":\"https:\/\/manoirdelebioles.com\/#\/schema\/logo\/image\/\",\"url\":\"https:\/\/manoirdelebioles.com\/wp-content\/uploads\/2025\/07\/MANOIR-DE-LEBIOLES-LOGO-2025-VP-web.png\",\"contentUrl\":\"https:\/\/manoirdelebioles.com\/wp-content\/uploads\/2025\/07\/MANOIR-DE-LEBIOLES-LOGO-2025-VP-web.png\",\"width\":1654,\"height\":1054,\"caption\":\"Manoir de L\u00e9bioles\"},\"image\":{\"@id\":\"https:\/\/manoirdelebioles.com\/#\/schema\/logo\/image\/\"}}]}<\/script>\n<!-- \/ Yoast SEO plugin. -->","yoast_head_json":{"title":"Exklusive Angebote - Manoir de L\u00e9bioles","description":"M\u00f6chten Sie einen Tag lang unseren Wellnessbereich nutzen, ohne im Hotel zu \u00fcbernachten? Das ist durchaus m\u00f6glich! Entdecken Sie unsere aktuellen Erlebnisse und g\u00f6nnen Sie sich einen Tag der Entspannung und des Wohlbefindens in der au\u00dfergew\u00f6hnlichen Umgebung des Manoir de L\u00e9bioles.","robots":{"index":"index","follow":"follow","max-snippet":"max-snippet:-1","max-image-preview":"max-image-preview:large","max-video-preview":"max-video-preview:-1"},"canonical":"https:\/\/manoirdelebioles.com\/de\/spa-of-spa\/unsere-exklusiven-angebote\/","og_locale":"de_DE","og_type":"article","og_title":"Exklusive Angebote - Manoir de L\u00e9bioles","og_description":"M\u00f6chten Sie einen Tag lang unseren Wellnessbereich nutzen, ohne im Hotel zu \u00fcbernachten? Das ist durchaus m\u00f6glich! Entdecken Sie unsere aktuellen Erlebnisse und g\u00f6nnen Sie sich einen Tag der Entspannung und des Wohlbefindens in der au\u00dfergew\u00f6hnlichen Umgebung des Manoir de L\u00e9bioles.","og_url":"https:\/\/manoirdelebioles.com\/de\/spa-of-spa\/unsere-exklusiven-angebote\/","og_site_name":"Manoir de L\u00e9bioles","article_modified_time":"2026-04-09T14:04:50+00:00","twitter_card":"summary_large_image","schema":{"@context":"https:\/\/schema.org","@graph":[{"@type":"WebPage","@id":"https:\/\/manoirdelebioles.com\/de\/spa-of-spa\/unsere-exklusiven-angebote\/","url":"https:\/\/manoirdelebioles.com\/de\/spa-of-spa\/unsere-exklusiven-angebote\/","name":"Exklusive Angebote - Manoir de L\u00e9bioles","isPartOf":{"@id":"https:\/\/manoirdelebioles.com\/#website"},"datePublished":"2025-07-07T14:20:23+00:00","dateModified":"2026-04-09T14:04:50+00:00","description":"M\u00f6chten Sie einen Tag lang unseren Wellnessbereich nutzen, ohne im Hotel zu \u00fcbernachten? Das ist durchaus m\u00f6glich! Entdecken Sie unsere aktuellen Erlebnisse und g\u00f6nnen Sie sich einen Tag der Entspannung und des Wohlbefindens in der au\u00dfergew\u00f6hnlichen Umgebung des Manoir de L\u00e9bioles.","breadcrumb":{"@id":"https:\/\/manoirdelebioles.com\/de\/spa-of-spa\/unsere-exklusiven-angebote\/#breadcrumb"},"inLanguage":"de","potentialAction":[{"@type":"ReadAction","target":["https:\/\/manoirdelebioles.com\/de\/spa-of-spa\/unsere-exklusiven-angebote\/"]}]},{"@type":"BreadcrumbList","@id":"https:\/\/manoirdelebioles.com\/de\/spa-of-spa\/unsere-exklusiven-angebote\/#breadcrumb","itemListElement":[{"@type":"ListItem","position":1,"name":"Accueil","item":"https:\/\/manoirdelebioles.com\/de\/"},{"@type":"ListItem","position":2,"name":"Spa of spa","item":"https:\/\/manoirdelebioles.com\/de\/spa-of-spa\/"},{"@type":"ListItem","position":3,"name":"Exklusive Angebote"}]},{"@type":"WebSite","@id":"https:\/\/manoirdelebioles.com\/#website","url":"https:\/\/manoirdelebioles.com\/","name":"Manoir de L\u00e9bioles","description":"Une exp\u00e9rience UNIQUE, dans l\u2019\u00e9l\u00e9gance DU LUXE.","publisher":{"@id":"https:\/\/manoirdelebioles.com\/#organization"},"potentialAction":[{"@type":"SearchAction","target":{"@type":"EntryPoint","urlTemplate":"https:\/\/manoirdelebioles.com\/?s={search_term_string}"},"query-input":{"@type":"PropertyValueSpecification","valueRequired":true,"valueName":"search_term_string"}}],"inLanguage":"de"},{"@type":"Organization","@id":"https:\/\/manoirdelebioles.com\/#organization","name":"Manoir de L\u00e9bioles","url":"https:\/\/manoirdelebioles.com\/","logo":{"@type":"ImageObject","inLanguage":"de","@id":"https:\/\/manoirdelebioles.com\/#\/schema\/logo\/image\/","url":"https:\/\/manoirdelebioles.com\/wp-content\/uploads\/2025\/07\/MANOIR-DE-LEBIOLES-LOGO-2025-VP-web.png","contentUrl":"https:\/\/manoirdelebioles.com\/wp-content\/uploads\/2025\/07\/MANOIR-DE-LEBIOLES-LOGO-2025-VP-web.png","width":1654,"height":1054,"caption":"Manoir de L\u00e9bioles"},"image":{"@id":"https:\/\/manoirdelebioles.com\/#\/schema\/logo\/image\/"}}]}},"_links":{"self":[{"href":"https:\/\/manoirdelebioles.com\/de\/wp-json\/wp\/v2\/pages\/3793","targetHints":{"allow":["GET"]}}],"collection":[{"href":"https:\/\/manoirdelebioles.com\/de\/wp-json\/wp\/v2\/pages"}],"about":[{"href":"https:\/\/manoirdelebioles.com\/de\/wp-json\/wp\/v2\/types\/page"}],"author":[{"embeddable":true,"href":"https:\/\/manoirdelebioles.com\/de\/wp-json\/wp\/v2\/users\/1"}],"replies":[{"embeddable":true,"href":"https:\/\/manoirdelebioles.com\/de\/wp-json\/wp\/v2\/comments?post=3793"}],"version-history":[{"count":7,"href":"https:\/\/manoirdelebioles.com\/de\/wp-json\/wp\/v2\/pages\/3793\/revisions"}],"predecessor-version":[{"id":5330,"href":"https:\/\/manoirdelebioles.com\/de\/wp-json\/wp\/v2\/pages\/3793\/revisions\/5330"}],"up":[{"embeddable":true,"href":"https:\/\/manoirdelebioles.com\/de\/wp-json\/wp\/v2\/pages\/3778"}],"wp:attachment":[{"href":"https:\/\/manoirdelebioles.com\/de\/wp-json\/wp\/v2\/media?parent=3793"}],"curies":[{"name":"wp","href":"https:\/\/api.w.org\/{rel}","templated":true}]}}